{"id":92,"date":"2019-10-04T17:35:32","date_gmt":"2019-10-04T17:35:32","guid":{"rendered":"http:\/\/www.jackysobsession.de\/?page_id=92"},"modified":"2019-10-06T16:31:41","modified_gmt":"2019-10-06T16:31:41","slug":"ueber-mich","status":"publish","type":"page","link":"http:\/\/www.jackysobsession.de\/?page_id=92","title":{"rendered":"\u00dcBER MICH"},"content":{"rendered":"\r\n<p>Ich freue mich, dass Ihr meinen Blog in der Welt des Internets gefunden habt.<\/p>\r\n\r\n\r\n\r\n<p>Jetzt erst mal zu mir\u2026ich bin 34 Jahre jung und frisch verheiratet. Geboren wurde ich in der Kleinstadt Peine (Niedersachsen)und Lebe jetzt in Schweinfurt Unterfranken (Bayern).<\/p>\r\n\r\n\r\n\r\n<p>Wie ich zum Lesen gekommen bin? Ich bin ehrlich gesagt, erst dazu gekommen als die B\u00fccher Biss zum Morgengrauen raus gekommen sind. Da wurde mir klar,das ich es Liebe zu lesen, es hat sich bis heute nicht ge\u00e4ndert.<\/p>\r\n\r\n\r\n\r\n<p>In den letzten Monaten, gab es leider einige Phasen, in denen ich tagelang kein einziges Buch gelesen habe. Ich in dem Zeitraum einfach nicht in die \u201eGeschichten\u201c hinein gekommen. Was mich am meisten freut, das ich zur Zeit wieder regelm\u00e4\u00dfig lese und m\u00f6chte meine Liebe mit euch teilen.<\/p>\r\n\r\n\r\n\r\n<p>In diesem Blog, wird es nicht nur um B\u00fccher gehen. Es wird auch einige Themen aus meinem Leben geben, die Erinnerungen oder auch Dinge die mir gefallen. \ud83d\ude42<\/p>\r\n\r\n\r\n\r\n<p>Ich hoffe Ihr nimmt es mir nicht \u00fcbel, das es noch nicht viele B\u00fccher gibt, aber das wird sich jetzt nach und nach \u00e4ndern. Ich m\u00f6chte den Blog aufbauen, auch wenn fast jeder zweite schon ein Blog hat. Mir ist es wichtig euch meine Meinung mitzuteilen\u00a0<\/p>\r\n\r\n\r\n\r\n<p>Ich w\u00fcnsche euch Viel Spa\u00df\u00a0<\/p>\r\n\r\n\r\n\r\n<p>In Liebe eure Jacqueline<\/p>\r\n<p><img loading=\"lazy\" decoding=\"async\" class=\"alignnone size-medium wp-image-162\" src=\"http:\/\/www.jackysobsession.de\/wp-content\/uploads\/2019\/10\/2016-11-23-00.37.37-169x300.jpg\" alt=\"\" width=\"169\" height=\"300\" srcset=\"http:\/\/www.jackysobsession.de\/wp-content\/uploads\/2019\/10\/2016-11-23-00.37.37-169x300.jpg 169w, http:\/\/www.jackysobsession.de\/wp-content\/uploads\/2019\/10\/2016-11-23-00.37.37.jpg 540w\" sizes=\"auto, (max-width: 169px) 100vw, 169px\" \/><\/p>\r\n","protected":false},"excerpt":{"rendered":"<p>Ich freue mich, dass Ihr meinen Blog in der Welt des Internets gefunden habt. Jetzt erst mal zu mir\u2026ich bin 34 Jahre jung und frisch verheiratet. Geboren wurde ich in der Kleinstadt Peine (Niedersachsen)und Lebe jetzt in Schweinfurt Unterfranken (Bayern). Wie ich zum Lesen gekommen bin? Ich bin ehrlich gesagt, erst dazu gekommen als die &hellip; <a href=\"http:\/\/www.jackysobsession.de\/?page_id=92\" class=\"more-link\"><span class=\"screen-reader-text\">\u00dcBER MICH<\/span> weiterlesen <span class=\"meta-nav\">&rarr;<\/span><\/a><\/p>\n","protected":false},"author":1,"featured_media":0,"parent":0,"menu_order":0,"comment_status":"closed","ping_status":"closed","template":"","meta":{"footnotes":""},"class_list":["post-92","page","type-page","status-publish","hentry"],"_links":{"self":[{"href":"http:\/\/www.jackysobsession.de\/index.php?rest_route=\/wp\/v2\/pages\/92","targetHints":{"allow":["GET"]}}],"collection":[{"href":"http:\/\/www.jackysobsession.de\/index.php?rest_route=\/wp\/v2\/pages"}],"about":[{"href":"http:\/\/www.jackysobsession.de\/index.php?rest_route=\/wp\/v2\/types\/page"}],"author":[{"embeddable":true,"href":"http:\/\/www.jackysobsession.de\/index.php?rest_route=\/wp\/v2\/users\/1"}],"replies":[{"embeddable":true,"href":"http:\/\/www.jackysobsession.de\/index.php?rest_route=%2Fwp%2Fv2%2Fcomments&post=92"}],"version-history":[{"count":3,"href":"http:\/\/www.jackysobsession.de\/index.php?rest_route=\/wp\/v2\/pages\/92\/revisions"}],"predecessor-version":[{"id":163,"href":"http:\/\/www.jackysobsession.de\/index.php?rest_route=\/wp\/v2\/pages\/92\/revisions\/163"}],"wp:attachment":[{"href":"http:\/\/www.jackysobsession.de\/index.php?rest_route=%2Fwp%2Fv2%2Fmedia&parent=92"}],"curies":[{"name":"wp","href":"https:\/\/api.w.org\/{rel}","templated":true}]}}